{"id":57055,"date":"2025-07-02T14:44:59","date_gmt":"2025-07-02T12:44:59","guid":{"rendered":"https:\/\/monsterslush.com\/?page_id=57055"},"modified":"2025-07-15T17:22:56","modified_gmt":"2025-07-15T15:22:56","slug":"toegankelijkheidsverklaring","status":"publish","type":"page","link":"https:\/\/monsterslush.com\/nl\/barrierefreiheitserklaerung\/","title":{"rendered":"Verklaring van toegankelijkheid"},"content":{"rendered":"<section class=\"bde-section-57055-100 bde-section\">\n  \n  \n\t\n\n\n\n<div class=\"section-container\"><h1 class=\"bde-heading-57055-101 bde-heading\">\nToegankelijkheidsverklaring\n<\/h1><div class=\"bde-rich-text-57055-102 bde-rich-text breakdance-rich-text-styles\">\n<h2>1. inleiding<\/h2>\n<p>We beheren een informatie- en bestelportaal voor slush-ijsmachines, bekers, siropen en accessoires op www.monsterslush.com. Ons doel is om alle gebruikers - ongeacht hun individuele vaardigheden - barri\u00e8revrije toegang te bieden tot onze digitale diensten. We doen er alles aan om ervoor te zorgen dat ons online aanbod door iedereen op de best mogelijke manier kan worden gebruikt.<\/p>\n<h2>2. toepassingsgebied<\/h2>\n<p>Deze verklaring is van toepassing op het volledige online aanbod op www.monsterslush.com, inclusief alle productpagina's (machines, bekers, siropen, accessoires), informatiegebieden en contactopties.<\/p>\n<h2>3. rechtsgrondslag<\/h2>\n<p>Als aanbieder van producten en digitale diensten is www.monsterslush.com onderworpen aan de eisen van de Wet Versterking Toegankelijkheid (BFSG) en de onderliggende EU-richtlijn 2019\/882 voor zover gericht op eindgebruikers. Ons aanbod is gebaseerd op de internationaal erkende standaarden voor digitale toegankelijkheid.<br \/>Toegankelijkheid.<\/p>\n<h2>4. overzicht van onze diensten en sitestructuur<\/h2>\n<p>De website www.monsterslush.com biedt je onder andere de volgende digitale diensten:<\/p>\n<ul>\n<li>Informatie over onze producten, reparatieservice, reclamemateriaal, enz.<\/li>\n<li>Online afspraken maken voor service, advies en reparaties<\/li>\n<li>Huidige aanbiedingen, nieuwsbrieven en productaanbevelingen<\/li>\n<\/ul>\n<p>Navigatie vindt plaats via een klassieke menustructuur met kop- en voetteksten en directe toegang tot de servicegebieden. Gedetailleerde pagina's bieden meer informatie over producten, diensten, prijzen en afspraakmogelijkheden.<\/p>\n<h2>5. status van toegankelijkheid<\/h2>\n<p>Wij zijn van mening dat onze website voldoet aan de wettelijke vereisten voor digitale toegankelijkheid. De inhoud en functies van www.monsterslush.com zijn zo ontworpen dat ze ook door mensen met een handicap zonder beperkingen kunnen worden gebruikt.<\/p>\n<p>Deze omvatten in het bijzonder<\/p>\n<ul>\n<li>Bediening met toetsenbord, muis en touchscreen<\/li>\n<li>Compatibiliteit met algemene schermlezers<\/li>\n<li>Tekstalternatieven voor grafische inhoud en productafbeeldingen Duidelijke navigatiestructuren en begrijpelijke inhoud over machines, bekers, siropen en accessoires<\/li>\n<li>Aanpasbaar ontwerp voor verschillende eindapparaten en schermformaten<\/li>\n<li>Leesbaarheid met tekstvergroting<\/li>\n<li>Toegankelijke formulieren (bijv. contact en vragen)<\/li>\n<li>Foutmeldingen in begrijpelijke taal<\/li>\n<\/ul>\n<p>Onze website is gebaseerd op de vier centrale principes van toegankelijkheid: herkenbaarheid, bruikbaarheid, begrijpelijkheid en technische stabiliteit. De naleving van de toegankelijkheidsvereisten wordt regelmatig gecontroleerd en de website wordt voortdurend verder ontwikkeld.<\/p>\n<h2>6 Feedback en contact<\/h2>\n<p>Als je echter belemmeringen opmerkt of suggesties hebt om de toegankelijkheid te verbeteren, neem dan contact op met ons team:<\/p>\n<p>MonsterSlush e.K.<br \/>Eigenaar: Christine Naas<br \/>R\u00f6ckrather Weg 8<br \/>41472 Neuss<\/p>\n<p>Tel. 02131\/73 98 45-0<br \/>E-mail: info@monsterslush.com<\/p>\n<p>We kijken uit naar je feedback en nemen je opmerkingen serieus.<\/p>\n<h2>7 Handhavingsprocedure en toezichthoudende autoriteit<\/h2>\n<p>Het centrale markttoezichtscentrum van de deelstaten voor de toegankelijkheid van producten en diensten (MLBF) is verantwoordelijk voor het toezicht op en de handhaving van de toegankelijkheidsvereisten:<\/p>\n<p>Markttoezichtscentrum van de Federale Staten voor de Toegankelijkheid van Producten en Diensten (MLBF)<br \/>c\/o Ministerie van Arbeid, Sociale Zaken, Gezondheid en Gelijkheid Saksen-Anhalt<br \/>Eenheid Gehandicaptenbeleid \/ MLBF<br \/>Postbus 39 11 55<br \/>39135 Maagdenburg<\/p>\n<p>Telefoon: 0391 567 4530<br \/><span class=\"s4\">e-mail: <\/span><a href=\"mailto:MLBF@ms.sachsen-anhalt.de\" target=\"_blank\" rel=\"noopener\">MLBF@ms.sachsen-anhalt.de<\/a><\/p>\n<p>Je hebt de mogelijkheid om contact op te nemen met deze autoriteit als je van mening bent dat onvoldoende toegankelijkheid van <span class=\"s1\">www.monsterslush.com<\/span> te benadelen. We zouden het natuurlijk erg op prijs stellen als je hierover vooraf of tegelijkertijd rechtstreeks contact met ons opneemt.<\/p>\n<p>Status: 26 juni 2025 - \u00a9 <a href=\"https:\/\/www.aufrecht.de\/index.php?id=15\" target=\"_blank\" rel=\"noopener noreferrer nofollow\"><span class=\"s1\">Advocaat Michael Terhaag<\/span><\/a>LL.M.,<br \/>Advocatenkantoor Terhaag &amp; Partner Rechtsanw\u00e4lte D\u00fcsseldorf - Belgi\u00eb <a href=\"https:\/\/www.aufrecht.de\/index\" target=\"_blank\" rel=\"noopener noreferrer nofollow\"><span class=\"s1\">rechtop.com<\/span><\/a><\/p>\n<\/div><div class=\"bde-button-57055-103 bde-button\">\n        \n    \n    \n    \n    \n            \n                    \n            \n            \n\n    \n    \n    \n    \n    \n    <a class=\"breakdance-link button-atom button-atom--primary bde-button__button\" href=\"https:\/\/monsterslush.com\/wp-content\/uploads\/2025\/07\/Barrierefreiheitserklaerung-monsterslush.com_.pdf\" target=\"_blank\" data-type=\"url\">\n\n    \n        <span class=\"button-atom__text\">Toegankelijkheidsverklaring als PDF<\/span>\n\n        \n        \n                <\/a>\n\n    \n\n\n<\/div><\/div>\n<\/section>","protected":false},"excerpt":{"rendered":"<p>Barrierefreiheitserklaerung 1. Einleitung Wir betreiben unter www.monsterslush.com ein Informations- und Bestellportal f\u00fcr Slush-Eis-Maschinen, Becher, Sirups und Zubeh\u00f6r. Unser Ziel ist es, allen Nutzerinnen und Nutzern \u2013 unabh\u00e4ngig von individuellen F\u00e4higkeiten \u2013 einen barrierefreien Zugang zu unseren digitalen Angeboten zu erm\u00f6glichen. Wir setzen uns daf\u00fcr ein, dass unser Online-Angebot f\u00fcr alle Menschen bestm\u00f6glich nutzbar ist. 2. [&hellip;]<\/p>\n","protected":false},"author":1,"featured_media":0,"parent":0,"menu_order":0,"comment_status":"closed","ping_status":"closed","template":"","meta":{"iawp_total_views":47,"_breakdance_hide_in_design_set":false,"_breakdance_tags":"","footnotes":""},"class_list":["post-57055","page","type-page","status-publish","hentry"],"_links":{"self":[{"href":"https:\/\/monsterslush.com\/nl\/wp-json\/wp\/v2\/pages\/57055","targetHints":{"allow":["GET"]}}],"collection":[{"href":"https:\/\/monsterslush.com\/nl\/wp-json\/wp\/v2\/pages"}],"about":[{"href":"https:\/\/monsterslush.com\/nl\/wp-json\/wp\/v2\/types\/page"}],"author":[{"embeddable":true,"href":"https:\/\/monsterslush.com\/nl\/wp-json\/wp\/v2\/users\/1"}],"replies":[{"embeddable":true,"href":"https:\/\/monsterslush.com\/nl\/wp-json\/wp\/v2\/comments?post=57055"}],"version-history":[{"count":0,"href":"https:\/\/monsterslush.com\/nl\/wp-json\/wp\/v2\/pages\/57055\/revisions"}],"wp:attachment":[{"href":"https:\/\/monsterslush.com\/nl\/wp-json\/wp\/v2\/media?parent=57055"}],"curies":[{"name":"wp","href":"https:\/\/api.w.org\/{rel}","templated":true}]}}