{"id":57055,"date":"2025-07-02T14:44:59","date_gmt":"2025-07-02T12:44:59","guid":{"rendered":"https:\/\/monsterslush.com\/?page_id=57055"},"modified":"2025-07-15T17:22:56","modified_gmt":"2025-07-15T15:22:56","slug":"declaracion-de-accesibilidad","status":"publish","type":"page","link":"https:\/\/monsterslush.com\/es\/barrierefreiheitserklaerung\/","title":{"rendered":"Declaraci\u00f3n de accesibilidad"},"content":{"rendered":"<section class=\"bde-section-57055-100 bde-section\">\n  \n  \n\t\n\n\n\n<div class=\"section-container\"><h1 class=\"bde-heading-57055-101 bde-heading\">\nDeclaraci\u00f3n de accesibilidad\n<\/h1><div class=\"bde-rich-text-57055-102 bde-rich-text breakdance-rich-text-styles\">\n<h2>1. introducci\u00f3n<\/h2>\n<p>Gestionamos un portal de informaci\u00f3n y pedidos de m\u00e1quinas de granizados, vasos, jarabes y accesorios en www.monsterslush.com. Nuestro objetivo es proporcionar a todos los usuarios -independientemente de sus capacidades individuales- un acceso sin barreras a nuestros servicios digitales. Nos comprometemos a garantizar que nuestra oferta en l\u00ednea pueda ser utilizada por todos de la mejor manera posible.<\/p>\n<h2>2. \u00e1mbito de aplicaci\u00f3n<\/h2>\n<p>Esta declaraci\u00f3n se aplica a toda la oferta en l\u00ednea de www.monsterslush.com, incluidas todas las p\u00e1ginas de productos (m\u00e1quinas, tazas, jarabes, accesorios), \u00e1reas de informaci\u00f3n y opciones de contacto.<\/p>\n<h2>3. base jur\u00eddica<\/h2>\n<p>Como proveedor de productos y servicios digitales, www.monsterslush.com est\u00e1 sujeto a los requisitos de la Ley de Mejora de la Accesibilidad (BFSG) y la Directiva de la UE 2019\/882 subyacente en la medida en que se dirige a los consumidores finales. Nuestra oferta se basa en las normas reconocidas internacionalmente para la accesibilidad digital.<br \/>Accesibilidad.<\/p>\n<h2>4. descripci\u00f3n general de nuestros servicios y estructura del sitio<\/h2>\n<p>El sitio web www.monsterslush.com le ofrece, entre otros, los siguientes servicios digitales:<\/p>\n<ul>\n<li>Informaci\u00f3n sobre nuestros productos, servicio de reparaciones, material publicitario, etc.<\/li>\n<li>Reserva de citas en l\u00ednea para servicios, asesoramiento y reparaciones<\/li>\n<li>Ofertas actuales, boletines y recomendaciones de productos<\/li>\n<\/ul>\n<p>La navegaci\u00f3n se realiza a trav\u00e9s de una estructura cl\u00e1sica de men\u00fas con encabezados y pies de p\u00e1gina, as\u00ed como acceso directo a las \u00e1reas de servicio. Las p\u00e1ginas detalladas ofrecen m\u00e1s informaci\u00f3n sobre productos, servicios, precios y opciones de cita.<\/p>\n<h2>5. estado de la accesibilidad<\/h2>\n<p>Creemos que nuestro sitio web cumple los requisitos legales de accesibilidad digital. El contenido y las funciones de www.monsterslush.com est\u00e1n dise\u00f1ados de tal forma que tambi\u00e9n pueden ser utilizados por personas con discapacidad sin restricciones.<\/p>\n<p>En particular<\/p>\n<ul>\n<li>Funcionamiento con teclado, rat\u00f3n y pantalla t\u00e1ctil<\/li>\n<li>Compatibilidad con los lectores de pantalla habituales<\/li>\n<li>Alternativas de texto para contenidos gr\u00e1ficos e im\u00e1genes de productos Estructuras de navegaci\u00f3n claras y contenidos comprensibles sobre m\u00e1quinas, vasos, jarabes y accesorios<\/li>\n<li>Dise\u00f1o adaptable a distintos dispositivos finales y tama\u00f1os de pantalla<\/li>\n<li>Legibilidad con ampliaci\u00f3n del texto<\/li>\n<li>Formularios accesibles (por ejemplo, de contacto y consulta)<\/li>\n<li>Mensajes de error en un lenguaje comprensible<\/li>\n<\/ul>\n<p>Nuestro sitio web se basa en los cuatro principios centrales de la accesibilidad: reconocibilidad, usabilidad, comprensibilidad y estabilidad t\u00e9cnica. El cumplimiento de los requisitos de accesibilidad se comprueba peri\u00f3dicamente y el sitio web se desarrolla continuamente.<\/p>\n<h2>6 Comentarios y contacto<\/h2>\n<p>No obstante, si observa alg\u00fan obst\u00e1culo o tiene alguna sugerencia para mejorar la accesibilidad, p\u00f3ngase en contacto con nuestro equipo:<\/p>\n<p>MonsterSlush e.K.<br \/>Propietario: Christine Naas<br \/>R\u00f6ckrather Weg 8<br \/>41472 Neuss<\/p>\n<p>Tel. 02131\/73 98 45-0<br \/>Correo electr\u00f3nico: info@monsterslush.com<\/p>\n<p>Esperamos sus comentarios y nos los tomamos en serio.<\/p>\n<h2>7 Procedimiento de ejecuci\u00f3n y autoridad de control<\/h2>\n<p>El centro de vigilancia del mercado de los Estados federados para la accesibilidad de productos y servicios (MLBF) se encarga de controlar y hacer cumplir los requisitos de accesibilidad:<\/p>\n<p>Centro de Vigilancia del Mercado de los Estados Federados para la Accesibilidad de Productos y Servicios (MLBF)<br \/>c\/o Ministerio de Trabajo, Asuntos Sociales, Sanidad e Igualdad Sajonia-Anhalt<br \/>Unidad de Pol\u00edtica de Discapacidad \/ MLBF<br \/>Apartado de correos 39 11 55<br \/>39135 Magdeburgo<\/p>\n<p>Tel\u00e9fono: 0391 567 4530<br \/><span class=\"s4\">correo electr\u00f3nico: <\/span><a href=\"mailto:MLBF@ms.sachsen-anhalt.de\" target=\"_blank\" rel=\"noopener\">MLBF@ms.sachsen-anhalt.de<\/a><\/p>\n<p>Tiene la posibilidad de ponerse en contacto con esta autoridad si considera que la accesibilidad de <span class=\"s1\">www.monsterslush.com<\/span> se vean perjudicados. Por supuesto, estar\u00edamos encantados de que se pusiera directamente en contacto con nosotros a este respecto de antemano o al mismo tiempo.<\/p>\n<p>Estatus: 26 de junio de 2025 - \u00a9 <a href=\"https:\/\/www.aufrecht.de\/index.php?id=15\" target=\"_blank\" rel=\"noopener noreferrer nofollow\"><span class=\"s1\">Abogado Michael Terhaag<\/span><\/a>M\u00c1STER EN DERECHO,<br \/>Bufete Terhaag &amp; Partner Rechtsanw\u00e4lte D\u00fcsseldorf - <a href=\"https:\/\/www.aufrecht.de\/index\" target=\"_blank\" rel=\"noopener noreferrer nofollow\"><span class=\"s1\">vertical.com<\/span><\/a><\/p>\n<\/div><div class=\"bde-button-57055-103 bde-button\">\n    \n                                    \n    \n    \n    \n    \n            \n                    \n            \n            \n\n    \n    \n    \n    \n    \n    <a class=\"breakdance-link button-atom button-atom--primary bde-button__button\" href=\"https:\/\/monsterslush.com\/wp-content\/uploads\/2025\/07\/Barrierefreiheitserklaerung-monsterslush.com_.pdf\" target=\"_blank\" data-type=\"url\">\n\n    \n        <span class=\"button-atom__text\">Declaraci\u00f3n de accesibilidad en PDF<\/span>\n\n        \n        \n                <\/a>\n\n    \n\n\n<\/div><\/div>\n<\/section>","protected":false},"excerpt":{"rendered":"<p>Barrierefreiheitserklaerung 1. Einleitung Wir betreiben unter www.monsterslush.com ein Informations- und Bestellportal f\u00fcr Slush-Eis-Maschinen, Becher, Sirups und Zubeh\u00f6r. Unser Ziel ist es, allen Nutzerinnen und Nutzern \u2013 unabh\u00e4ngig von individuellen F\u00e4higkeiten \u2013 einen barrierefreien Zugang zu unseren digitalen Angeboten zu erm\u00f6glichen. Wir setzen uns daf\u00fcr ein, dass unser Online-Angebot f\u00fcr alle Menschen bestm\u00f6glich nutzbar ist. 2. [&hellip;]<\/p>\n","protected":false},"author":1,"featured_media":0,"parent":0,"menu_order":0,"comment_status":"closed","ping_status":"closed","template":"","meta":{"iawp_total_views":47,"_breakdance_hide_in_design_set":false,"_breakdance_tags":"","footnotes":""},"class_list":["post-57055","page","type-page","status-publish","hentry"],"_links":{"self":[{"href":"https:\/\/monsterslush.com\/es\/wp-json\/wp\/v2\/pages\/57055","targetHints":{"allow":["GET"]}}],"collection":[{"href":"https:\/\/monsterslush.com\/es\/wp-json\/wp\/v2\/pages"}],"about":[{"href":"https:\/\/monsterslush.com\/es\/wp-json\/wp\/v2\/types\/page"}],"author":[{"embeddable":true,"href":"https:\/\/monsterslush.com\/es\/wp-json\/wp\/v2\/users\/1"}],"replies":[{"embeddable":true,"href":"https:\/\/monsterslush.com\/es\/wp-json\/wp\/v2\/comments?post=57055"}],"version-history":[{"count":0,"href":"https:\/\/monsterslush.com\/es\/wp-json\/wp\/v2\/pages\/57055\/revisions"}],"wp:attachment":[{"href":"https:\/\/monsterslush.com\/es\/wp-json\/wp\/v2\/media?parent=57055"}],"curies":[{"name":"wp","href":"https:\/\/api.w.org\/{rel}","templated":true}]}}