{"id":54774,"date":"2024-07-22T11:41:07","date_gmt":"2024-07-22T09:41:07","guid":{"rendered":"https:\/\/monsterslush.com\/?page_id=54774"},"modified":"2026-03-20T10:21:04","modified_gmt":"2026-03-20T08:21:04","slug":"descargas","status":"publish","type":"page","link":"https:\/\/monsterslush.com\/es\/downloads\/","title":{"rendered":"Descargas"},"content":{"rendered":"<section class=\"bde-section-54774-100 bde-section bde-preset-dbcf5136-17a0-45e0-b677-312e665917b0\">\n  \n  \n\t\n\n\n\n        <div class=\"section-shape-divider-wrapper section-shape-divider-wrapper--1\">\n          <span class=\"section-shape-divider\">\n                      <svg\n                xmlns=\"http:\/\/www.w3.org\/2000\/svg\"\n                viewbox=\"0 0 1440 320\"\n                preserveaspectratio=\"none\"\n            >\n              <path fill=\"currentColor\" fill-opacity=\"1\" d=\"M0,96L30,106.7C60,117,120,139,180,133.3C240,128,300,96,360,80C420,64,480,64,540,101.3C600,139,660,213,720,240C780,267,840,245,900,245.3C960,245,1020,267,1080,250.7C1140,235,1200,181,1260,176C1320,171,1380,213,1410,234.7L1440,256L1440,320L1410,320C1380,320,1320,320,1260,320C1200,320,1140,320,1080,320C1020,320,960,320,900,320C840,320,780,320,720,320C660,320,600,320,540,320C480,320,420,320,360,320C300,320,240,320,180,320C120,320,60,320,30,320L0,320Z\"><\/path>\n            <\/svg>\n                    <\/span>\n      <\/div>\n  <div class=\"section-container\"><div class=\"bde-columns-54774-101 bde-columns\"><div class=\"bde-column-54774-102 bde-column\" data-entrance=\"slideLeft\">\n  \n  \n\t\n\n\n\n<div class=\"bde-div-54774-103 bde-div\">\n  \n  \n\t\n\n\n\n<div class=\"bde-div-54774-104 bde-div\">\n  \n  \n\t\n\n\n\n<p class=\"bde-text-54774-105 bde-text bde-preset-165900c7-18bd-4783-910f-39eaa0c088bf\">\nDescargas\n<\/p><h1 class=\"bde-heading-54774-106 bde-heading\">\nEl aguanieve <br>Centro de descargas\n<\/h1><p class=\"bde-text-54774-107 bde-text\">\nAqu\u00ed encontrar\u00e1s informaci\u00f3n completa y descargas relacionadas con Slush y MonsterSlush.\n<\/p><div class=\"bde-button-54774-108 bde-button\">\n    \n                        \n                        \n    \n    \n    \n    \n            \n                    \n            \n            \n\n    \n    \n    \n    \n    \n    <a class=\"breakdance-link button-atom button-atom--primary bde-button__button\" href=\"#scroll\" target=\"_self\" data-type=\"url\"  >\n\n    \n        <span class=\"button-atom__text\">Ver descargas<\/span>\n\n        \n        \n                <\/a>\n\n    \n\n\n<\/div>\n<\/div>\n<\/div>\n<\/div><div class=\"bde-column-54774-109 bde-column\">\n  \n  \n\t\n\n\n\n<div class=\"bde-image-54774-110 bde-image\" data-entrance=\"zoomIn\">\n<figure class=\"breakdance-image breakdance-image--1302\">\n\t<div class=\"breakdance-image-container\">\n\t\t<div class=\"breakdance-image-clip\"><img loading=\"lazy\" decoding=\"async\" class=\"breakdance-image-object\" src=\"https:\/\/monsterslush.com\/wp-content\/uploads\/2024\/07\/Bubbles-in-Frozen-Joghurt.png\" width=\"1080\" height=\"1080\" srcset=\"https:\/\/monsterslush.com\/wp-content\/uploads\/2024\/07\/Bubbles-in-Frozen-Joghurt.png 1080w, https:\/\/monsterslush.com\/wp-content\/uploads\/2024\/07\/Bubbles-in-Frozen-Joghurt-300x300.png 300w, https:\/\/monsterslush.com\/wp-content\/uploads\/2024\/07\/Bubbles-in-Frozen-Joghurt-1024x1024.png 1024w, https:\/\/monsterslush.com\/wp-content\/uploads\/2024\/07\/Bubbles-in-Frozen-Joghurt-150x150.png 150w, https:\/\/monsterslush.com\/wp-content\/uploads\/2024\/07\/Bubbles-in-Frozen-Joghurt-768x768.png 768w\" sizes=\"auto, (max-width: 1080px) 100vw, 1080px\" alt=\"\" title=\"\"><\/div>\n\t<\/div><\/figure>\n\n<\/div>\n<\/div><\/div><\/div>\n<\/section><section id=\"scroll\" class=\"bde-section-54774-113 bde-section bde-preset-a731e09c-4db7-4535-a12c-42d6e99008e8\">\n  \n  \n\t\n\n\n\n<div class=\"section-container\"><div class=\"bde-div-54774-151 bde-div\">\n  \n  \n\t\n\n\n\n<h2 class=\"bde-heading-54774-141 bde-heading\">\nNuestros folletos granizados\n<\/h2><div class=\"bde-grid-54774-178 bde-grid\">\n  \n  \n\t\n\n\n\n<div class=\"bde-icon-box-54774-179 bde-icon-box\">\n\n    \n            <div class=\"ee-iconbox-icon breakdance-icon-atom\" >\n    \n                    <svg xmlns=\"http:\/\/www.w3.org\/2000\/svg\" viewbox=\"0 0 640 512\"><!-- Font Awesome Free 5.15.1 by @fontawesome - https:\/\/fontawesome.com License - https:\/\/fontawesome.com\/license\/free (Icons: CC BY 4.0, Fonts: SIL OFL 1.1, Code: MIT License) --><path d=\"M537.6 226.6c4.1-10.7 6.4-22.4 6.4-34.6 0-53-43-96-96-96-19.7 0-38.1 6-53.3 16.2C367 64.2 315.3 32 256 32c-88.4 0-160 71.6-160 160 0 2.7.1 5.4.2 8.1C40.2 219.8 0 273.2 0 336c0 79.5 64.5 144 144 144h368c70.7 0 128-57.3 128-128 0-61.9-44-113.6-102.4-125.4zm-132.9 88.7L299.3 420.7c-6.2 6.2-16.4 6.2-22.6 0L171.3 315.3c-10.1-10.1-2.9-27.3 11.3-27.3H248V176c0-8.8 7.2-16 16-16h48c8.8 0 16 7.2 16 16v112h65.4c14.2 0 21.4 17.2 11.3 27.3z\"\/><\/svg>\n        \n        \n        \n            <\/div>\n    \n\n<div class=\"ee-iconbox-content\">\n        <div class=\"ee-iconbox-text\" >Nuestra gama<\/div>\n            \n                        \n                        \n    \n    \n    \n    \n            \n                    \n            \n            \n\n    \n    \n    \n    \n    \n    <a class=\"breakdance-link button-atom button-atom--primary ee-iconbox-button\" href=\"https:\/\/monsterslush.com\/wp-content\/uploads\/2026\/03\/DIGITAL_Broschuere_MonsterSlush_2026.pdf\" target=\"_blank\" data-type=\"url\"  >\n\n    \n        <span class=\"button-atom__text\">descargar<\/span>\n\n        \n        \n                <\/a>\n\n    \n\n  <\/div>\n\n<\/div><div class=\"bde-icon-box-54774-155 bde-icon-box\">\n\n    \n            <div class=\"ee-iconbox-icon breakdance-icon-atom\" >\n    \n                    <svg xmlns=\"http:\/\/www.w3.org\/2000\/svg\" viewbox=\"0 0 640 512\"><!-- Font Awesome Free 5.15.1 by @fontawesome - https:\/\/fontawesome.com License - https:\/\/fontawesome.com\/license\/free (Icons: CC BY 4.0, Fonts: SIL OFL 1.1, Code: MIT License) --><path d=\"M537.6 226.6c4.1-10.7 6.4-22.4 6.4-34.6 0-53-43-96-96-96-19.7 0-38.1 6-53.3 16.2C367 64.2 315.3 32 256 32c-88.4 0-160 71.6-160 160 0 2.7.1 5.4.2 8.1C40.2 219.8 0 273.2 0 336c0 79.5 64.5 144 144 144h368c70.7 0 128-57.3 128-128 0-61.9-44-113.6-102.4-125.4zm-132.9 88.7L299.3 420.7c-6.2 6.2-16.4 6.2-22.6 0L171.3 315.3c-10.1-10.1-2.9-27.3 11.3-27.3H248V176c0-8.8 7.2-16 16-16h48c8.8 0 16 7.2 16 16v112h65.4c14.2 0 21.4 17.2 11.3 27.3z\"\/><\/svg>\n        \n        \n        \n            <\/div>\n    \n\n<div class=\"ee-iconbox-content\">\n        <div class=\"ee-iconbox-text\" >C\u00f3cteles helados preparados<\/div>\n            \n                        \n                        \n    \n    \n    \n    \n            \n                    \n            \n            \n\n    \n    \n    \n    \n    \n    <a class=\"breakdance-link button-atom button-atom--primary ee-iconbox-button\" href=\"https:\/\/monsterslush.com\/wp-content\/uploads\/2024\/07\/Frozen-Cocktails-Flyer-2019.pdf\" target=\"_blank\" data-type=\"url\"  >\n\n    \n        <span class=\"button-atom__text\">descargar<\/span>\n\n        \n        \n                <\/a>\n\n    \n\n  <\/div>\n\n<\/div><div class=\"bde-icon-box-54774-152 bde-icon-box\">\n\n    \n            <div class=\"ee-iconbox-icon breakdance-icon-atom\" >\n    \n                    <svg xmlns=\"http:\/\/www.w3.org\/2000\/svg\" viewbox=\"0 0 640 512\"><!-- Font Awesome Free 5.15.1 by @fontawesome - https:\/\/fontawesome.com License - https:\/\/fontawesome.com\/license\/free (Icons: CC BY 4.0, Fonts: SIL OFL 1.1, Code: MIT License) --><path d=\"M537.6 226.6c4.1-10.7 6.4-22.4 6.4-34.6 0-53-43-96-96-96-19.7 0-38.1 6-53.3 16.2C367 64.2 315.3 32 256 32c-88.4 0-160 71.6-160 160 0 2.7.1 5.4.2 8.1C40.2 219.8 0 273.2 0 336c0 79.5 64.5 144 144 144h368c70.7 0 128-57.3 128-128 0-61.9-44-113.6-102.4-125.4zm-132.9 88.7L299.3 420.7c-6.2 6.2-16.4 6.2-22.6 0L171.3 315.3c-10.1-10.1-2.9-27.3 11.3-27.3H248V176c0-8.8 7.2-16 16-16h48c8.8 0 16 7.2 16 16v112h65.4c14.2 0 21.4 17.2 11.3 27.3z\"\/><\/svg>\n        \n        \n        \n            <\/div>\n    \n\n<div class=\"ee-iconbox-content\">\n        <div class=\"ee-iconbox-text\" >Recetas de c\u00f3cteles helados<\/div>\n            \n                        \n                        \n    \n    \n    \n    \n            \n                    \n            \n            \n\n    \n    \n    \n    \n    \n    <a class=\"breakdance-link button-atom button-atom--primary ee-iconbox-button\" href=\"https:\/\/monsterslush.com\/wp-content\/uploads\/2024\/07\/flyer-frozencocktails.pdf\" target=\"_blank\" data-type=\"url\"  >\n\n    \n        <span class=\"button-atom__text\">descargar<\/span>\n\n        \n        \n                <\/a>\n\n    \n\n  <\/div>\n\n<\/div><div class=\"bde-icon-box-54774-153 bde-icon-box\">\n\n    \n            <div class=\"ee-iconbox-icon breakdance-icon-atom\" >\n    \n                    <svg xmlns=\"http:\/\/www.w3.org\/2000\/svg\" viewbox=\"0 0 640 512\"><!-- Font Awesome Free 5.15.1 by @fontawesome - https:\/\/fontawesome.com License - https:\/\/fontawesome.com\/license\/free (Icons: CC BY 4.0, Fonts: SIL OFL 1.1, Code: MIT License) --><path d=\"M537.6 226.6c4.1-10.7 6.4-22.4 6.4-34.6 0-53-43-96-96-96-19.7 0-38.1 6-53.3 16.2C367 64.2 315.3 32 256 32c-88.4 0-160 71.6-160 160 0 2.7.1 5.4.2 8.1C40.2 219.8 0 273.2 0 336c0 79.5 64.5 144 144 144h368c70.7 0 128-57.3 128-128 0-61.9-44-113.6-102.4-125.4zm-132.9 88.7L299.3 420.7c-6.2 6.2-16.4 6.2-22.6 0L171.3 315.3c-10.1-10.1-2.9-27.3 11.3-27.3H248V176c0-8.8 7.2-16 16-16h48c8.8 0 16 7.2 16 16v112h65.4c14.2 0 21.4 17.2 11.3 27.3z\"\/><\/svg>\n        \n        \n        \n            <\/div>\n    \n\n<div class=\"ee-iconbox-content\">\n        <div class=\"ee-iconbox-text\" >Recetas de ponche<\/div>\n            \n                        \n                        \n    \n    \n    \n    \n            \n                    \n            \n            \n\n    \n    \n    \n    \n    \n    <a class=\"breakdance-link button-atom button-atom--primary ee-iconbox-button\" href=\"https:\/\/monsterslush.com\/wp-content\/uploads\/2024\/07\/Flyer-Weihnachtspunsch.pdf\" target=\"_blank\" data-type=\"url\"  >\n\n    \n        <span class=\"button-atom__text\">descargar<\/span>\n\n        \n        \n                <\/a>\n\n    \n\n  <\/div>\n\n<\/div>\n<\/div>\n<\/div><div class=\"bde-div-54774-195 bde-div\">\n  \n  \n\t\n\n\n\n<h2 class=\"bde-heading-54774-197 bde-heading\">\nInstrucciones\n<\/h2><div class=\"bde-grid-54774-180 bde-grid\">\n  \n  \n\t\n\n\n\n<div class=\"bde-icon-box-54774-128 bde-icon-box\">\n\n    \n            <div class=\"ee-iconbox-icon breakdance-icon-atom\" >\n    \n                    <svg xmlns=\"http:\/\/www.w3.org\/2000\/svg\" viewbox=\"0 0 640 512\"><!-- Font Awesome Free 5.15.1 by @fontawesome - https:\/\/fontawesome.com License - https:\/\/fontawesome.com\/license\/free (Icons: CC BY 4.0, Fonts: SIL OFL 1.1, Code: MIT License) --><path d=\"M537.6 226.6c4.1-10.7 6.4-22.4 6.4-34.6 0-53-43-96-96-96-19.7 0-38.1 6-53.3 16.2C367 64.2 315.3 32 256 32c-88.4 0-160 71.6-160 160 0 2.7.1 5.4.2 8.1C40.2 219.8 0 273.2 0 336c0 79.5 64.5 144 144 144h368c70.7 0 128-57.3 128-128 0-61.9-44-113.6-102.4-125.4zm-132.9 88.7L299.3 420.7c-6.2 6.2-16.4 6.2-22.6 0L171.3 315.3c-10.1-10.1-2.9-27.3 11.3-27.3H248V176c0-8.8 7.2-16 16-16h48c8.8 0 16 7.2 16 16v112h65.4c14.2 0 21.4 17.2 11.3 27.3z\"\/><\/svg>\n        \n        \n        \n            <\/div>\n    \n\n<div class=\"ee-iconbox-content\">\n        <div class=\"ee-iconbox-text\" >Instrucciones de mezcla<\/div>\n            \n                        \n                        \n    \n    \n    \n    \n            \n                    \n            \n            \n\n    \n    \n    \n    \n    \n    <a class=\"breakdance-link button-atom button-atom--primary ee-iconbox-button\" href=\"https:\/\/monsterslush.com\/wp-content\/uploads\/2024\/07\/Mischanleitung.pdf\" target=\"_blank\" data-type=\"url\"  >\n\n    \n        <span class=\"button-atom__text\">descargar<\/span>\n\n        \n        \n                <\/a>\n\n    \n\n  <\/div>\n\n<\/div><div class=\"bde-icon-box-54774-129 bde-icon-box\">\n\n    \n            <div class=\"ee-iconbox-icon breakdance-icon-atom\" >\n    \n                    <svg xmlns=\"http:\/\/www.w3.org\/2000\/svg\" viewbox=\"0 0 640 512\"><!-- Font Awesome Free 5.15.1 by @fontawesome - https:\/\/fontawesome.com License - https:\/\/fontawesome.com\/license\/free (Icons: CC BY 4.0, Fonts: SIL OFL 1.1, Code: MIT License) --><path d=\"M537.6 226.6c4.1-10.7 6.4-22.4 6.4-34.6 0-53-43-96-96-96-19.7 0-38.1 6-53.3 16.2C367 64.2 315.3 32 256 32c-88.4 0-160 71.6-160 160 0 2.7.1 5.4.2 8.1C40.2 219.8 0 273.2 0 336c0 79.5 64.5 144 144 144h368c70.7 0 128-57.3 128-128 0-61.9-44-113.6-102.4-125.4zm-132.9 88.7L299.3 420.7c-6.2 6.2-16.4 6.2-22.6 0L171.3 315.3c-10.1-10.1-2.9-27.3 11.3-27.3H248V176c0-8.8 7.2-16 16-16h48c8.8 0 16 7.2 16 16v112h65.4c14.2 0 21.4 17.2 11.3 27.3z\"\/><\/svg>\n        \n        \n        \n            <\/div>\n    \n\n<div class=\"ee-iconbox-content\">\n        <div class=\"ee-iconbox-text\" >Instrucciones de limpieza de las m\u00e1quinas SpeedyMaxx<\/div>\n            \n                        \n                        \n    \n    \n    \n    \n            \n                    \n            \n            \n\n    \n    \n    \n    \n    \n    <a class=\"breakdance-link button-atom button-atom--primary ee-iconbox-button\" href=\"https:\/\/monsterslush.com\/wp-content\/uploads\/2024\/07\/Reinigungsanleitung.pdf\" target=\"_blank\" data-type=\"url\"  >\n\n    \n        <span class=\"button-atom__text\">descargar<\/span>\n\n        \n        \n                <\/a>\n\n    \n\n  <\/div>\n\n<\/div><div class=\"bde-icon-box-54774-130 bde-icon-box\">\n\n    \n            <div class=\"ee-iconbox-icon breakdance-icon-atom\" >\n    \n                    <svg xmlns=\"http:\/\/www.w3.org\/2000\/svg\" viewbox=\"0 0 640 512\"><!-- Font Awesome Free 5.15.1 by @fontawesome - https:\/\/fontawesome.com License - https:\/\/fontawesome.com\/license\/free (Icons: CC BY 4.0, Fonts: SIL OFL 1.1, Code: MIT License) --><path d=\"M537.6 226.6c4.1-10.7 6.4-22.4 6.4-34.6 0-53-43-96-96-96-19.7 0-38.1 6-53.3 16.2C367 64.2 315.3 32 256 32c-88.4 0-160 71.6-160 160 0 2.7.1 5.4.2 8.1C40.2 219.8 0 273.2 0 336c0 79.5 64.5 144 144 144h368c70.7 0 128-57.3 128-128 0-61.9-44-113.6-102.4-125.4zm-132.9 88.7L299.3 420.7c-6.2 6.2-16.4 6.2-22.6 0L171.3 315.3c-10.1-10.1-2.9-27.3 11.3-27.3H248V176c0-8.8 7.2-16 16-16h48c8.8 0 16 7.2 16 16v112h65.4c14.2 0 21.4 17.2 11.3 27.3z\"\/><\/svg>\n        \n        \n        \n            <\/div>\n    \n\n<div class=\"ee-iconbox-content\">\n        <div class=\"ee-iconbox-text\" >Instrucciones de uso simplificadas M\u00e1quinas SpeedyMaxx<\/div>\n            \n                        \n                        \n    \n    \n    \n    \n            \n                    \n            \n            \n\n    \n    \n    \n    \n    \n    <a class=\"breakdance-link button-atom button-atom--primary ee-iconbox-button\" href=\"https:\/\/monsterslush.com\/wp-content\/uploads\/2024\/06\/Bedienungsanleitung-Speedymaxx-Slush-Maschinen.pdf\" target=\"_blank\" data-type=\"url\"  >\n\n    \n        <span class=\"button-atom__text\">descargar<\/span>\n\n        \n        \n                <\/a>\n\n    \n\n  <\/div>\n\n<\/div>\n<\/div>\n<\/div><div class=\"bde-div-54774-182 bde-div\">\n  \n  \n\t\n\n\n\n<h2 class=\"bde-heading-54774-198 bde-heading\">\nIngredientes y al\u00e9rgenos\n<\/h2><div class=\"bde-grid-54774-184 bde-grid\">\n  \n  \n\t\n\n\n\n<div class=\"bde-icon-box-54774-131 bde-icon-box\">\n\n    \n            <div class=\"ee-iconbox-icon breakdance-icon-atom\" >\n    \n                    <svg xmlns=\"http:\/\/www.w3.org\/2000\/svg\" viewbox=\"0 0 640 512\"><!-- Font Awesome Free 5.15.1 by @fontawesome - https:\/\/fontawesome.com License - https:\/\/fontawesome.com\/license\/free (Icons: CC BY 4.0, Fonts: SIL OFL 1.1, Code: MIT License) --><path d=\"M537.6 226.6c4.1-10.7 6.4-22.4 6.4-34.6 0-53-43-96-96-96-19.7 0-38.1 6-53.3 16.2C367 64.2 315.3 32 256 32c-88.4 0-160 71.6-160 160 0 2.7.1 5.4.2 8.1C40.2 219.8 0 273.2 0 336c0 79.5 64.5 144 144 144h368c70.7 0 128-57.3 128-128 0-61.9-44-113.6-102.4-125.4zm-132.9 88.7L299.3 420.7c-6.2 6.2-16.4 6.2-22.6 0L171.3 315.3c-10.1-10.1-2.9-27.3 11.3-27.3H248V176c0-8.8 7.2-16 16-16h48c8.8 0 16 7.2 16 16v112h65.4c14.2 0 21.4 17.2 11.3 27.3z\"\/><\/svg>\n        \n        \n        \n            <\/div>\n    \n\n<div class=\"ee-iconbox-content\">\n        <div class=\"ee-iconbox-text\" >Ingredientes tapa verde y azul<\/div>\n            \n                        \n                        \n    \n    \n    \n    \n            \n                    \n            \n            \n\n    \n    \n    \n    \n    \n    <a class=\"breakdance-link button-atom button-atom--primary ee-iconbox-button\" href=\"https:\/\/monsterslush.com\/wp-content\/uploads\/2024\/07\/Inhaltsstoffe-Gruener_Blauer-Deckel.pdf\" target=\"_blank\" data-type=\"url\"  >\n\n    \n        <span class=\"button-atom__text\">descargar<\/span>\n\n        \n        \n                <\/a>\n\n    \n\n  <\/div>\n\n<\/div><div class=\"bde-icon-box-54774-132 bde-icon-box\">\n\n    \n            <div class=\"ee-iconbox-icon breakdance-icon-atom\" >\n    \n                    <svg xmlns=\"http:\/\/www.w3.org\/2000\/svg\" viewbox=\"0 0 640 512\"><!-- Font Awesome Free 5.15.1 by @fontawesome - https:\/\/fontawesome.com License - https:\/\/fontawesome.com\/license\/free (Icons: CC BY 4.0, Fonts: SIL OFL 1.1, Code: MIT License) --><path d=\"M537.6 226.6c4.1-10.7 6.4-22.4 6.4-34.6 0-53-43-96-96-96-19.7 0-38.1 6-53.3 16.2C367 64.2 315.3 32 256 32c-88.4 0-160 71.6-160 160 0 2.7.1 5.4.2 8.1C40.2 219.8 0 273.2 0 336c0 79.5 64.5 144 144 144h368c70.7 0 128-57.3 128-128 0-61.9-44-113.6-102.4-125.4zm-132.9 88.7L299.3 420.7c-6.2 6.2-16.4 6.2-22.6 0L171.3 315.3c-10.1-10.1-2.9-27.3 11.3-27.3H248V176c0-8.8 7.2-16 16-16h48c8.8 0 16 7.2 16 16v112h65.4c14.2 0 21.4 17.2 11.3 27.3z\"\/><\/svg>\n        \n        \n        \n            <\/div>\n    \n\n<div class=\"ee-iconbox-content\">\n        <div class=\"ee-iconbox-text\" >Ingredientes Tapa negra<\/div>\n            \n                        \n                        \n    \n    \n    \n    \n            \n                    \n            \n            \n\n    \n    \n    \n    \n    \n    <a class=\"breakdance-link button-atom button-atom--primary ee-iconbox-button\" href=\"https:\/\/monsterslush.com\/wp-content\/uploads\/2024\/07\/Inhaltsstoffe_Schwarz_Blau-2023.pdf\" target=\"_blank\" data-type=\"url\"  >\n\n    \n        <span class=\"button-atom__text\">descargar<\/span>\n\n        \n        \n                <\/a>\n\n    \n\n  <\/div>\n\n<\/div><div class=\"bde-icon-box-54774-196 bde-icon-box\">\n\n    \n            <div class=\"ee-iconbox-icon breakdance-icon-atom\" >\n    \n                    <svg xmlns=\"http:\/\/www.w3.org\/2000\/svg\" viewbox=\"0 0 640 512\"><!-- Font Awesome Free 5.15.1 by @fontawesome - https:\/\/fontawesome.com License - https:\/\/fontawesome.com\/license\/free (Icons: CC BY 4.0, Fonts: SIL OFL 1.1, Code: MIT License) --><path d=\"M537.6 226.6c4.1-10.7 6.4-22.4 6.4-34.6 0-53-43-96-96-96-19.7 0-38.1 6-53.3 16.2C367 64.2 315.3 32 256 32c-88.4 0-160 71.6-160 160 0 2.7.1 5.4.2 8.1C40.2 219.8 0 273.2 0 336c0 79.5 64.5 144 144 144h368c70.7 0 128-57.3 128-128 0-61.9-44-113.6-102.4-125.4zm-132.9 88.7L299.3 420.7c-6.2 6.2-16.4 6.2-22.6 0L171.3 315.3c-10.1-10.1-2.9-27.3 11.3-27.3H248V176c0-8.8 7.2-16 16-16h48c8.8 0 16 7.2 16 16v112h65.4c14.2 0 21.4 17.2 11.3 27.3z\"\/><\/svg>\n        \n        \n        \n            <\/div>\n    \n\n<div class=\"ee-iconbox-content\">\n        <div class=\"ee-iconbox-text\" >Lista de al\u00e9rgenos Tapa negra<\/div>\n            \n                        \n                        \n    \n    \n    \n    \n            \n                    \n            \n            \n\n    \n    \n    \n    \n    \n    <a class=\"breakdance-link button-atom button-atom--primary ee-iconbox-button\" href=\"https:\/\/monsterslush.com\/wp-content\/uploads\/2024\/07\/Allergenliste-2024-schwarzer-Deckel.pdf?t=1722948301\" target=\"_blank\" data-type=\"url\"  >\n\n    \n        <span class=\"button-atom__text\">descargar<\/span>\n\n        \n        \n                <\/a>\n\n    \n\n  <\/div>\n\n<\/div><div class=\"bde-icon-box-54774-134 bde-icon-box\">\n\n    \n            <div class=\"ee-iconbox-icon breakdance-icon-atom\" >\n    \n                    <svg xmlns=\"http:\/\/www.w3.org\/2000\/svg\" viewbox=\"0 0 640 512\"><!-- Font Awesome Free 5.15.1 by @fontawesome - https:\/\/fontawesome.com License - https:\/\/fontawesome.com\/license\/free (Icons: CC BY 4.0, Fonts: SIL OFL 1.1, Code: MIT License) --><path d=\"M537.6 226.6c4.1-10.7 6.4-22.4 6.4-34.6 0-53-43-96-96-96-19.7 0-38.1 6-53.3 16.2C367 64.2 315.3 32 256 32c-88.4 0-160 71.6-160 160 0 2.7.1 5.4.2 8.1C40.2 219.8 0 273.2 0 336c0 79.5 64.5 144 144 144h368c70.7 0 128-57.3 128-128 0-61.9-44-113.6-102.4-125.4zm-132.9 88.7L299.3 420.7c-6.2 6.2-16.4 6.2-22.6 0L171.3 315.3c-10.1-10.1-2.9-27.3 11.3-27.3H248V176c0-8.8 7.2-16 16-16h48c8.8 0 16 7.2 16 16v112h65.4c14.2 0 21.4 17.2 11.3 27.3z\"\/><\/svg>\n        \n        \n        \n            <\/div>\n    \n\n<div class=\"ee-iconbox-content\">\n        <div class=\"ee-iconbox-text\" >Lista de al\u00e9rgenos Frozen Cappuccino tipo 3<\/div>\n            \n                        \n                        \n    \n    \n    \n    \n            \n                    \n            \n            \n\n    \n    \n    \n    \n    \n    <a class=\"breakdance-link button-atom button-atom--primary ee-iconbox-button\" href=\"https:\/\/monsterslush.com\/wp-content\/uploads\/2024\/07\/Allergenliste2018-Frozen-Cappuccino-Typ-3.pdf\" target=\"_blank\" data-type=\"url\"  >\n\n    \n        <span class=\"button-atom__text\">descargar<\/span>\n\n        \n        \n                <\/a>\n\n    \n\n  <\/div>\n\n<\/div>\n<\/div>\n<\/div><div class=\"bde-div-54774-188 bde-div\">\n  \n  \n\t\n\n\n\n<h2 class=\"bde-heading-54774-199 bde-heading\">\nGranizados sin az\u00facar\n<\/h2><div class=\"bde-grid-54774-190 bde-grid\">\n  \n  \n\t\n\n\n\n<div class=\"bde-icon-box-54774-133 bde-icon-box\">\n\n    \n            <div class=\"ee-iconbox-icon breakdance-icon-atom\" >\n    \n                    <svg xmlns=\"http:\/\/www.w3.org\/2000\/svg\" viewbox=\"0 0 640 512\"><!-- Font Awesome Free 5.15.1 by @fontawesome - https:\/\/fontawesome.com License - https:\/\/fontawesome.com\/license\/free (Icons: CC BY 4.0, Fonts: SIL OFL 1.1, Code: MIT License) --><path d=\"M537.6 226.6c4.1-10.7 6.4-22.4 6.4-34.6 0-53-43-96-96-96-19.7 0-38.1 6-53.3 16.2C367 64.2 315.3 32 256 32c-88.4 0-160 71.6-160 160 0 2.7.1 5.4.2 8.1C40.2 219.8 0 273.2 0 336c0 79.5 64.5 144 144 144h368c70.7 0 128-57.3 128-128 0-61.9-44-113.6-102.4-125.4zm-132.9 88.7L299.3 420.7c-6.2 6.2-16.4 6.2-22.6 0L171.3 315.3c-10.1-10.1-2.9-27.3 11.3-27.3H248V176c0-8.8 7.2-16 16-16h48c8.8 0 16 7.2 16 16v112h65.4c14.2 0 21.4 17.2 11.3 27.3z\"\/><\/svg>\n        \n        \n        \n            <\/div>\n    \n\n<div class=\"ee-iconbox-content\">\n        <div class=\"ee-iconbox-text\" >Ingredientes de los granizados sin az\u00facar<\/div>\n            \n                        \n                        \n    \n    \n    \n    \n            \n                    \n            \n            \n\n    \n    \n    \n    \n    \n    <a class=\"breakdance-link button-atom button-atom--primary ee-iconbox-button\" href=\"https:\/\/monsterslush.com\/wp-content\/uploads\/2024\/07\/Inhaltsstoffe_Zuckerfrei-2023.pdf\" target=\"_blank\" data-type=\"url\"  >\n\n    \n        <span class=\"button-atom__text\">descargar<\/span>\n\n        \n        \n                <\/a>\n\n    \n\n  <\/div>\n\n<\/div><div class=\"bde-icon-box-54774-139 bde-icon-box\">\n\n    \n            <div class=\"ee-iconbox-icon breakdance-icon-atom\" >\n    \n                    <svg xmlns=\"http:\/\/www.w3.org\/2000\/svg\" viewbox=\"0 0 640 512\"><!-- Font Awesome Free 5.15.1 by @fontawesome - https:\/\/fontawesome.com License - https:\/\/fontawesome.com\/license\/free (Icons: CC BY 4.0, Fonts: SIL OFL 1.1, Code: MIT License) --><path d=\"M537.6 226.6c4.1-10.7 6.4-22.4 6.4-34.6 0-53-43-96-96-96-19.7 0-38.1 6-53.3 16.2C367 64.2 315.3 32 256 32c-88.4 0-160 71.6-160 160 0 2.7.1 5.4.2 8.1C40.2 219.8 0 273.2 0 336c0 79.5 64.5 144 144 144h368c70.7 0 128-57.3 128-128 0-61.9-44-113.6-102.4-125.4zm-132.9 88.7L299.3 420.7c-6.2 6.2-16.4 6.2-22.6 0L171.3 315.3c-10.1-10.1-2.9-27.3 11.3-27.3H248V176c0-8.8 7.2-16 16-16h48c8.8 0 16 7.2 16 16v112h65.4c14.2 0 21.4 17.2 11.3 27.3z\"\/><\/svg>\n        \n        \n        \n            <\/div>\n    \n\n<div class=\"ee-iconbox-content\">\n        <div class=\"ee-iconbox-text\" >Granizado sin az\u00facar alerg\u00e9nico<\/div>\n            \n                        \n                        \n    \n    \n    \n    \n            \n                    \n            \n            \n\n    \n    \n    \n    \n    \n    <a class=\"breakdance-link button-atom button-atom--primary ee-iconbox-button\" href=\"https:\/\/monsterslush.com\/wp-content\/uploads\/2024\/07\/Allergenliste-zuckerfrei-2022.pdf\" target=\"_blank\" data-type=\"url\"  >\n\n    \n        <span class=\"button-atom__text\">descargar<\/span>\n\n        \n        \n                <\/a>\n\n    \n\n  <\/div>\n\n<\/div>\n<\/div>\n<\/div><\/div>\n<\/section>","protected":false},"excerpt":{"rendered":"<p>Downloads Das slush Download-Center Hier finden Sie umfassende Informationen und Downloads rund um Slush und MonsterSlush. Downloads einsehen Unsere Slush-Prospekte Unser Sortiment Download Fertige Frozen Cocktails Download Rezepte Frozen Cocktails Download Punschrezepte Download Anleitungen Mischanleitung Download Reinigungsanleitung SpeedyMaxx Maschinen Download Vereinfachte Bedienungsanleitung SpeedyMaxx Maschinen Download Inhaltsstoffe und Allergene Inhaltsstoffe Gruener und Blauer Deckel Download Inhaltsstoffe [&hellip;]<\/p>\n","protected":false},"author":1,"featured_media":0,"parent":0,"menu_order":0,"comment_status":"closed","ping_status":"closed","template":"","meta":{"iawp_total_views":3304,"_breakdance_hide_in_design_set":false,"_breakdance_tags":"","footnotes":""},"class_list":["post-54774","page","type-page","status-publish","hentry"],"_links":{"self":[{"href":"https:\/\/monsterslush.com\/es\/wp-json\/wp\/v2\/pages\/54774","targetHints":{"allow":["GET"]}}],"collection":[{"href":"https:\/\/monsterslush.com\/es\/wp-json\/wp\/v2\/pages"}],"about":[{"href":"https:\/\/monsterslush.com\/es\/wp-json\/wp\/v2\/types\/page"}],"author":[{"embeddable":true,"href":"https:\/\/monsterslush.com\/es\/wp-json\/wp\/v2\/users\/1"}],"replies":[{"embeddable":true,"href":"https:\/\/monsterslush.com\/es\/wp-json\/wp\/v2\/comments?post=54774"}],"version-history":[{"count":0,"href":"https:\/\/monsterslush.com\/es\/wp-json\/wp\/v2\/pages\/54774\/revisions"}],"wp:attachment":[{"href":"https:\/\/monsterslush.com\/es\/wp-json\/wp\/v2\/media?parent=54774"}],"curies":[{"name":"wp","href":"https:\/\/api.w.org\/{rel}","templated":true}]}}