{"id":1513,"date":"2024-07-21T14:28:56","date_gmt":"2024-07-21T10:28:56","guid":{"rendered":"https:\/\/monsterslush.com\/?page_id=1513"},"modified":"2026-01-08T07:15:58","modified_gmt":"2026-01-08T05:15:58","slug":"material-publicitario","status":"publish","type":"page","link":"https:\/\/monsterslush.com\/es\/werbemittel\/","title":{"rendered":"Material publicitario"},"content":{"rendered":"<section class=\"bde-section-1513-194 bde-section bde-preset-dbcf5136-17a0-45e0-b677-312e665917b0\">\n  \n  \n\t\n\n\n\n        <div class=\"section-shape-divider-wrapper section-shape-divider-wrapper--1\">\n          <span class=\"section-shape-divider\">\n                      <svg\n                xmlns=\"http:\/\/www.w3.org\/2000\/svg\"\n                viewbox=\"0 0 1440 320\"\n                preserveaspectratio=\"none\"\n            >\n              <path fill=\"currentColor\" fill-opacity=\"1\" d=\"M0,96L30,106.7C60,117,120,139,180,133.3C240,128,300,96,360,80C420,64,480,64,540,101.3C600,139,660,213,720,240C780,267,840,245,900,245.3C960,245,1020,267,1080,250.7C1140,235,1200,181,1260,176C1320,171,1380,213,1410,234.7L1440,256L1440,320L1410,320C1380,320,1320,320,1260,320C1200,320,1140,320,1080,320C1020,320,960,320,900,320C840,320,780,320,720,320C660,320,600,320,540,320C480,320,420,320,360,320C300,320,240,320,180,320C120,320,60,320,30,320L0,320Z\"><\/path>\n            <\/svg>\n                    <\/span>\n      <\/div>\n  <div class=\"section-container\"><div class=\"bde-columns-1513-195 bde-columns\"><div class=\"bde-column-1513-196 bde-column\" data-entrance=\"slideLeft\">\n  \n  \n\t\n\n\n\n<div class=\"bde-div-1513-197 bde-div\">\n  \n  \n\t\n\n\n\n<div class=\"bde-div-1513-198 bde-div\">\n  \n  \n\t\n\n\n\n<p class=\"bde-text-1513-199 bde-text bde-preset-165900c7-18bd-4783-910f-39eaa0c088bf\">\nMaterial publicitario de MonsterSlush\n<\/p><h1 class=\"bde-heading-1513-200 bde-heading\">\nAnunciarse y crecer\n<\/h1><p class=\"bde-text-1513-201 bde-text\">\nAumentar las ventas y atraer la atenci\u00f3n: \u00a1ning\u00fan problema con el material publicitario adecuado!\n<\/p><div class=\"bde-button-1513-204 bde-button\">\n        \n    \n    \n    \n    \n            \n                    \n            \n            \n\n    \n    \n    \n    \n    \n    <a class=\"breakdance-link button-atom button-atom--primary bde-button__button\" href=\"#scroll\" target=\"_self\" data-type=\"url\"  >\n\n    \n        <span class=\"button-atom__text\">Desc\u00fabrelo ahora<\/span>\n\n        \n        \n                <\/a>\n\n    \n\n\n<\/div>\n<\/div>\n<\/div>\n<\/div><div class=\"bde-column-1513-209 bde-column\">\n  \n  \n\t\n\n\n\n<div class=\"bde-image-1513-210 bde-image\" data-entrance=\"zoomIn\">\n<figure class=\"breakdance-image breakdance-image--55015\">\n\t<div class=\"breakdance-image-container\">\n\t\t<div class=\"breakdance-image-clip\"><img loading=\"lazy\" decoding=\"async\" class=\"breakdance-image-object\" src=\"https:\/\/monsterslush.com\/wp-content\/uploads\/2024\/08\/Werbemittel.png\" width=\"1080\" height=\"1080\" srcset=\"https:\/\/monsterslush.com\/wp-content\/uploads\/2024\/08\/Werbemittel.png 1080w, https:\/\/monsterslush.com\/wp-content\/uploads\/2024\/08\/Werbemittel-300x300.png 300w, https:\/\/monsterslush.com\/wp-content\/uploads\/2024\/08\/Werbemittel-1024x1024.png 1024w, https:\/\/monsterslush.com\/wp-content\/uploads\/2024\/08\/Werbemittel-150x150.png 150w, https:\/\/monsterslush.com\/wp-content\/uploads\/2024\/08\/Werbemittel-768x768.png 768w\" sizes=\"auto, (max-width: 1080px) 100vw, 1080px\" alt=\"Material publicitario de MonsterSlush\" title=\"\"><\/div>\n\t<\/div><\/figure>\n\n<\/div>\n<\/div><\/div><\/div>\n<\/section><section id=\"scroll\" class=\"bde-section-1513-581 bde-section bde-preset-a731e09c-4db7-4535-a12c-42d6e99008e8\">\n  \n  \n\t\n\n\n\n<div class=\"section-container\"><div class=\"bde-div-1513-733 bde-div\">\n  \n  \n\t\n\n\n\n<h2 class=\"bde-heading-1513-582 bde-heading\">\nPublicidad que refresca\n<\/h2><div class=\"bde-text-1513-732 bde-text\">\nLa publicidad es crucial para el \u00e9xito de un negocio de helados, por eso le ofrecemos una selecci\u00f3n de llamativos materiales publicitarios que le ayudar\u00e1n a vender.\n<\/div>\n<\/div><div class=\"bde-grid-1513-583 bde-grid\">\n  \n  \n\t\n\n\n\n<div class=\"bde-div-1513-589 bde-div\">\n  \n  \n\t\n\n\n\n<div class=\"bde-columns-1513-737 bde-columns\"><div class=\"bde-column-1513-738 bde-column\">\n  \n  \n\t\n\n\n\n<div class=\"bde-image-1513-740 bde-image\">\n<figure class=\"breakdance-image breakdance-image--1519\">\n\t<div class=\"breakdance-image-container\">\n\t\t<div class=\"breakdance-image-clip\"><img loading=\"lazy\" decoding=\"async\" class=\"breakdance-image-object\" src=\"https:\/\/monsterslush.com\/wp-content\/uploads\/2024\/07\/MonsterSlush-Shirts-min.png\" width=\"375\" height=\"700\" srcset=\"https:\/\/monsterslush.com\/wp-content\/uploads\/2024\/07\/MonsterSlush-Shirts-min.png 375w, https:\/\/monsterslush.com\/wp-content\/uploads\/2024\/07\/MonsterSlush-Shirts-min-161x300.png 161w\" sizes=\"auto, (max-width: 375px) 100vw, 375px\" alt=\"Camisetas MonsterSlush\" title=\"\"><\/div>\n\t<\/div><\/figure>\n\n<\/div>\n<\/div><div class=\"bde-column-1513-739 bde-column\">\n  \n  \n\t\n\n\n\n<div class=\"bde-div-1513-744 bde-div\">\n  \n  \n\t\n\n\n\n<h3 class=\"bde-heading-1513-741 bde-heading\">\nCamisetas chulas para empleados\n<\/h3><div class=\"bde-text-1513-742 bde-text\">\nNuestra colaboraci\u00f3n con Fashion Drinks.\n<\/div>\n<\/div><div class=\"bde-button-1513-743 bde-button\">\n        \n    \n    \n    \n    \n            \n                    \n            \n            \n\n    \n    \n    \n    \n    \n    <a class=\"breakdance-link button-atom button-atom--primary bde-button__button\" href=\"https:\/\/monsterslush.com\/es\/nueva-cooperacion-monsterslush-x-fashion-drinks\/\" target=\"_self\" data-type=\"url\"  >\n\n    \n        <span class=\"button-atom__text\">M\u00e1s informaci\u00f3n sobre la cooperaci\u00f3n<\/span>\n\n        \n        \n                <\/a>\n\n    \n\n\n<\/div>\n<\/div><\/div>\n<\/div><div class=\"bde-columns-1513-745 bde-columns\"><div class=\"bde-column-1513-746 bde-column\">\n  \n  \n\t\n\n\n\n<div class=\"bde-image-1513-747 bde-image\">\n<figure class=\"breakdance-image breakdance-image--1520\">\n\t<div class=\"breakdance-image-container\">\n\t\t<div class=\"breakdance-image-clip\"><img loading=\"lazy\" decoding=\"async\" class=\"breakdance-image-object\" src=\"https:\/\/monsterslush.com\/wp-content\/uploads\/2024\/07\/Standschild.jpg\" width=\"600\" height=\"968\" srcset=\"https:\/\/monsterslush.com\/wp-content\/uploads\/2024\/07\/Standschild.jpg 600w, https:\/\/monsterslush.com\/wp-content\/uploads\/2024\/07\/Standschild-186x300.jpg 186w\" sizes=\"auto, (max-width: 600px) 100vw, 600px\" alt=\"Cartel de pie MonsterSlush\" title=\"\"><\/div>\n\t<\/div><\/figure>\n\n<\/div>\n<\/div><div class=\"bde-column-1513-748 bde-column\">\n  \n  \n\t\n\n\n\n<div class=\"bde-div-1513-749 bde-div\">\n  \n  \n\t\n\n\n\n<h3 class=\"bde-heading-1513-750 bde-heading\">\nCartel de pie con superficie rotulable\n<\/h3><div class=\"bde-text-1513-751 bde-text\">\nEl tap\u00f3n para clientes: \u00a1se puede escribir sobre \u00e9l con tiza!\n<\/div>\n<\/div>\n<\/div><\/div><div class=\"bde-columns-1513-753 bde-columns\"><div class=\"bde-column-1513-754 bde-column\">\n  \n  \n\t\n\n\n\n<div class=\"bde-image-1513-755 bde-image\">\n<figure class=\"breakdance-image breakdance-image--415\">\n\t<div class=\"breakdance-image-container\">\n\t\t<div class=\"breakdance-image-clip\"><img loading=\"lazy\" decoding=\"async\" class=\"breakdance-image-object\" src=\"https:\/\/monsterslush.com\/wp-content\/uploads\/2024\/05\/Tisch-mit-Schirm.png\" width=\"892\" height=\"1200\" srcset=\"https:\/\/monsterslush.com\/wp-content\/uploads\/2024\/05\/Tisch-mit-Schirm.png 892w, https:\/\/monsterslush.com\/wp-content\/uploads\/2024\/05\/Tisch-mit-Schirm-223x300.png 223w, https:\/\/monsterslush.com\/wp-content\/uploads\/2024\/05\/Tisch-mit-Schirm-761x1024.png 761w, https:\/\/monsterslush.com\/wp-content\/uploads\/2024\/05\/Tisch-mit-Schirm-768x1033.png 768w\" sizes=\"auto, (max-width: 892px) 100vw, 892px\" alt=\"\" title=\"\"><\/div>\n\t<\/div><\/figure>\n\n<\/div>\n<\/div><div class=\"bde-column-1513-756 bde-column\">\n  \n  \n\t\n\n\n\n<div class=\"bde-div-1513-757 bde-div\">\n  \n  \n\t\n\n\n\n<h3 class=\"bde-heading-1513-758 bde-heading\">\nMesa alta\n<\/h3><div class=\"bde-text-1513-759 bde-text\">\nMesa de bar robusta y colorida para utilizar en su negocio de restauraci\u00f3n.\n<\/div>\n<\/div>\n<\/div><\/div><div class=\"bde-columns-1513-762 bde-columns\"><div class=\"bde-column-1513-763 bde-column\">\n  \n  \n\t\n\n\n\n<div class=\"bde-image-1513-764 bde-image\">\n<figure class=\"breakdance-image breakdance-image--401\">\n\t<div class=\"breakdance-image-container\">\n\t\t<div class=\"breakdance-image-clip\"><img loading=\"lazy\" decoding=\"async\" class=\"breakdance-image-object\" src=\"https:\/\/monsterslush.com\/wp-content\/uploads\/2024\/05\/Beachflag-mit-fuss.png\" width=\"650\" height=\"1462\" srcset=\"https:\/\/monsterslush.com\/wp-content\/uploads\/2024\/05\/Beachflag-mit-fuss.png 650w, https:\/\/monsterslush.com\/wp-content\/uploads\/2024\/05\/Beachflag-mit-fuss-133x300.png 133w, https:\/\/monsterslush.com\/wp-content\/uploads\/2024\/05\/Beachflag-mit-fuss-455x1024.png 455w\" sizes=\"auto, (max-width: 650px) 100vw, 650px\" alt=\"MonsterSlush Piso en la playa\" title=\"\"><\/div>\n\t<\/div><\/figure>\n\n<\/div>\n<\/div><div class=\"bde-column-1513-765 bde-column\">\n  \n  \n\t\n\n\n\n<div class=\"bde-div-1513-766 bde-div\">\n  \n  \n\t\n\n\n\n<h3 class=\"bde-heading-1513-767 bde-heading\">\nBandera de la playa\n<\/h3><div class=\"bde-text-1513-768 bde-text\">\nExtra robusto - \u00a1tambi\u00e9n apto para uso en exteriores!\n<\/div>\n<\/div>\n<\/div><\/div><div class=\"bde-columns-1513-769 bde-columns\"><div class=\"bde-column-1513-770 bde-column\">\n  \n  \n\t\n\n\n\n<div class=\"bde-image-1513-771 bde-image\">\n<figure class=\"breakdance-image breakdance-image--402\">\n\t<div class=\"breakdance-image-container\">\n\t\t<div class=\"breakdance-image-clip\"><img loading=\"lazy\" decoding=\"async\" class=\"breakdance-image-object\" src=\"https:\/\/monsterslush.com\/wp-content\/uploads\/2024\/05\/Fahne.png\" width=\"1200\" height=\"964\" srcset=\"https:\/\/monsterslush.com\/wp-content\/uploads\/2024\/05\/Fahne.png 1200w, https:\/\/monsterslush.com\/wp-content\/uploads\/2024\/05\/Fahne-300x241.png 300w, https:\/\/monsterslush.com\/wp-content\/uploads\/2024\/05\/Fahne-1024x823.png 1024w, https:\/\/monsterslush.com\/wp-content\/uploads\/2024\/05\/Fahne-768x617.png 768w\" sizes=\"auto, (max-width: 1200px) 100vw, 1200px\" alt=\"Bandera de quiosco\" title=\"\"><\/div>\n\t<\/div><\/figure>\n\n<\/div>\n<\/div><div class=\"bde-column-1513-772 bde-column\">\n  \n  \n\t\n\n\n\n<div class=\"bde-div-1513-773 bde-div\">\n  \n  \n\t\n\n\n\n<h3 class=\"bde-heading-1513-774 bde-heading\">\nBandera de quiosco\n<\/h3><div class=\"bde-text-1513-775 bde-text\">\nEl cl\u00e1sico (no s\u00f3lo) para quioscos: \u00a1vistoso, robusto y f\u00e1cil de instalar!\n<\/div>\n<\/div>\n<\/div><\/div><div class=\"bde-div-1513-778 bde-div\" data-entrance=\"slideRight\">\n  \n  \n\t\n\n\n\n<div class=\"bde-text-1513-776 bde-text\">\n... \u00a1y mucho m\u00e1s!\n<\/div><div class=\"bde-button-1513-777 bde-button\">\n        \n    \n    \n    \n    \n            \n                    \n            \n                           \n                       \n                 \n\n    \n    \n    \n                    \n    \n    <a class=\"breakdance-link button-atom button-atom--primary bde-button__button\" href=\"#\" target=\"_self\" data-type=\"action\"  data-action='{\"type\":\"popup\",\"popupOptions\":{\"popupId\":\"55021\"}}' >\n\n    \n        <span class=\"button-atom__text\">Solicitar informaci\u00f3n<\/span>\n\n        \n        \n                <\/a>\n\n    \n\n\n<\/div>\n<\/div>\n<\/div><\/div>\n<\/section><section id=\"kollaboaration-fashion-drinks\" class=\"bde-section-1513-779 bde-section bde-preset-fc4059d7-57ce-4e98-816f-954c744b7af9\">\n  \n  \n\t\n\n\n\n<div class=\"section-container\"><h2 class=\"bde-heading-1513-784 bde-heading\">\nNuestra cooperaci\u00f3n con Fashion Drinks\n<\/h2><div class=\"bde-div-1513-785 bde-div\">\n  \n  \n\t\n\n\n\n<img decoding=\"async\" class=\"bde-image2-1513-788 bde-image2\" src=\"https:\/\/monsterslush.com\/wp-content\/uploads\/2025\/08\/monsterslush-faschion-drinks-2.jpg\" alt=\"Camisa MonsterSlush Mujer\" loading=\"lazy\" srcset=\"https:\/\/monsterslush.com\/wp-content\/uploads\/2025\/08\/monsterslush-faschion-drinks-2.jpg 563w, https:\/\/monsterslush.com\/wp-content\/uploads\/2025\/08\/monsterslush-faschion-drinks-2-169x300.jpg 169w, https:\/\/monsterslush.com\/wp-content\/uploads\/2025\/08\/monsterslush-faschion-drinks-2-7x12.jpg 7w\" sizes=\"(max-width: 563px) 100vw, 563px\" title=\"\"><img decoding=\"async\" class=\"bde-image2-1513-789 bde-image2\" src=\"https:\/\/monsterslush.com\/wp-content\/uploads\/2025\/08\/monsterslush-fashion-drinks.jpg\" alt=\"Camisa MonsterSlush Hombre\" loading=\"lazy\" srcset=\"https:\/\/monsterslush.com\/wp-content\/uploads\/2025\/08\/monsterslush-fashion-drinks.jpg 563w, https:\/\/monsterslush.com\/wp-content\/uploads\/2025\/08\/monsterslush-fashion-drinks-169x300.jpg 169w, https:\/\/monsterslush.com\/wp-content\/uploads\/2025\/08\/monsterslush-fashion-drinks-7x12.jpg 7w\" sizes=\"(max-width: 563px) 100vw, 563px\" title=\"\">\n<\/div><\/div>\n<\/section><div class=\"bde-globalblock-1513-731 bde-globalblock\"><section class=\"bde-section-1443-100-1443-1 bde-section bde-preset-3711723e-40f7-4c88-b2fd-e224f4780cfb bde-section-1443-100\">\n              \n  \n  \n\t\n\n\n\n        <div class=\"section-shape-divider-wrapper section-shape-divider-wrapper--1\">\n          <span class=\"section-shape-divider\">\n                      <svg\n                xmlns=\"http:\/\/www.w3.org\/2000\/svg\"\n                viewbox=\"0 0 1440 320\"\n                preserveaspectratio=\"none\"\n            >\n              <path fill=\"currentColor\" fill-opacity=\"1\" d=\"M0,96L30,106.7C60,117,120,139,180,133.3C240,128,300,96,360,80C420,64,480,64,540,101.3C600,139,660,213,720,240C780,267,840,245,900,245.3C960,245,1020,267,1080,250.7C1140,235,1200,181,1260,176C1320,171,1380,213,1410,234.7L1440,256L1440,320L1410,320C1380,320,1320,320,1260,320C1200,320,1140,320,1080,320C1020,320,960,320,900,320C840,320,780,320,720,320C660,320,600,320,540,320C480,320,420,320,360,320C300,320,240,320,180,320C120,320,60,320,30,320L0,320Z\"><\/path>\n            <\/svg>\n                    <\/span>\n      <\/div>\n  <div class=\"section-container\"><div class=\"bde-div-1443-101-1443-1 bde-div bde-div-1443-101\">\n  \n  \n\t\n\n\n\n<span class=\"bde-text-1443-126-1443-1 bde-text bde-preset-165900c7-18bd-4783-910f-39eaa0c088bf bde-text-1443-126\">\nRenueve su negocio\n<\/span><h2 class=\"bde-heading-1443-103-1443-1 bde-heading bde-heading-1443-103\">\nComienza tu <br>\u00a1Aventura granizada con nosotros!\n<\/h2><p class=\"bde-text-1443-104-1443-1 bde-text bde-text-1443-104\">\nUn placer helado para sus clientes: \u00a1d\u00e9 un soplo de aire fresco a su negocio!\n<\/p><div class=\"bde-columns-1443-119-1443-1 bde-columns bde-columns-1443-119\"><div class=\"bde-column-1443-120-1443-1 bde-column bde-column-1443-120\">\n  \n  \n\t\n\n\n\n<div class=\"bde-button-1443-121-1443-1 bde-button bde-preset-0f92332d-1c1f-4e42-9067-d7a9d68978bb bde-button-1443-121\">\n        \n    \n    \n    \n    \n            \n                    \n            \n                           \n                       \n                 \n\n    \n    \n    \n                    \n    \n    <a class=\"breakdance-link button-atom button-atom--custom bde-button__button\" href=\"#\" target=\"_self\" data-type=\"action\"  data-action='{\"type\":\"popup\",\"popupOptions\":{\"popupId\":\"55021\"}}' >\n\n    \n        <span class=\"button-atom__text\">Enviar solicitud<\/span>\n\n        \n        \n                <\/a>\n\n    \n\n\n<\/div>\n<\/div><div class=\"bde-column-1443-122-1443-1 bde-column bde-column-1443-122\">\n  \n  \n\t\n\n\n\n<div class=\"bde-button-1443-123-1443-1 bde-button bde-preset-0f92332d-1c1f-4e42-9067-d7a9d68978bb bde-button-1443-123\">\n        \n    \n    \n    \n    \n            \n                    \n            \n            \n\n    \n    \n    \n    \n    \n    <a class=\"breakdance-link button-atom button-atom--custom bde-button__button\" href=\"tel:+4921317398450\" target=\"_self\" data-type=\"url\"  >\n\n    \n        <span class=\"button-atom__text\">Llama ahora<\/span>\n\n        \n        \n                <\/a>\n\n    \n\n\n<\/div>\n<\/div><div class=\"bde-column-1443-124-1443-1 bde-column bde-column-1443-124\">\n  \n  \n\t\n\n\n\n<div class=\"bde-button-1443-125-1443-1 bde-button bde-preset-0f92332d-1c1f-4e42-9067-d7a9d68978bb bde-button-1443-125\">\n        \n    \n    \n    \n    \n            \n                    \n            \n            \n\n    \n    \n    \n    \n    \n    <a class=\"breakdance-link button-atom button-atom--custom bde-button__button\" href=\"https:\/\/my.meetergo.com\/monsterslush\/monsterslush\" target=\"_blank\" data-type=\"url\" rel=\"noopener noreferrer nofollow\">\n\n    \n        <span class=\"button-atom__text\">Reservar una llamada<\/span>\n\n        \n        \n                <\/a>\n\n    \n\n\n<\/div>\n<\/div><\/div><div class=\"bde-div-1443-106-1443-1 bde-div bde-div-1443-106\">\n  \n  \n\t\n\n\n\n<div class=\"bde-div-1443-107-1443-1 bde-div bde-div-1443-107\">\n  \n  \n\t\n\n\n\n<div class=\"bde-image-1443-108-1443-1 bde-image bde-image-1443-108\">\n<figure class=\"breakdance-image breakdance-image--173\">\n\t<div class=\"breakdance-image-container\">\n\t\t<div class=\"breakdance-image-clip\"><img loading=\"lazy\" decoding=\"async\" class=\"breakdance-image-object\" src=\"https:\/\/monsterslush.com\/wp-content\/uploads\/2024\/04\/Edeka.png\" width=\"161\" height=\"195\" sizes=\"auto, (max-width: 161px) 100vw, 161px\" alt=\"Edeka\" title=\"\"><\/div>\n\t<\/div><\/figure>\n\n<\/div><div class=\"bde-image-1443-109-1443-1 bde-image bde-image-1443-109\">\n<figure class=\"breakdance-image breakdance-image--171\">\n\t<div class=\"breakdance-image-container\">\n\t\t<div class=\"breakdance-image-clip\"><img loading=\"lazy\" decoding=\"async\" class=\"breakdance-image-object\" src=\"https:\/\/monsterslush.com\/wp-content\/uploads\/2024\/04\/Aramark.jpg\" width=\"300\" height=\"156\" sizes=\"auto, (max-width: 300px) 100vw, 300px\" alt=\"Aramark\" title=\"\"><\/div>\n\t<\/div><\/figure>\n\n<\/div><div class=\"bde-image-1443-110-1443-1 bde-image bde-image-1443-110\">\n<figure class=\"breakdance-image breakdance-image--170\">\n\t<div class=\"breakdance-image-container\">\n\t\t<div class=\"breakdance-image-clip\"><img loading=\"lazy\" decoding=\"async\" class=\"breakdance-image-object\" src=\"https:\/\/monsterslush.com\/wp-content\/uploads\/2024\/04\/Aqualand-Kln.jpg\" width=\"300\" height=\"91\" sizes=\"auto, (max-width: 300px) 100vw, 300px\" alt=\"Aqualand K &quot;ln\" title=\"\"><\/div>\n\t<\/div><\/figure>\n\n<\/div><div class=\"bde-image-1443-111-1443-1 bde-image bde-image-1443-111\">\n<figure class=\"breakdance-image breakdance-image--176\">\n\t<div class=\"breakdance-image-container\">\n\t\t<div class=\"breakdance-image-clip\"><img loading=\"lazy\" decoding=\"async\" class=\"breakdance-image-object\" src=\"https:\/\/monsterslush.com\/wp-content\/uploads\/2024\/04\/ZOOM-Logo.jpg\" width=\"300\" height=\"145\" sizes=\"auto, (max-width: 300px) 100vw, 300px\" alt=\"ZOOM Mundo de experiencias\" title=\"\"><\/div>\n\t<\/div><\/figure>\n\n<\/div>\n<\/div><div class=\"bde-text-1443-112-1443-1 bde-text bde-text-1443-112\">\n<strong>25+<\/strong> Socio\n<\/div>\n<\/div>\n<\/div><\/div>\n<\/section><\/div>","protected":false},"excerpt":{"rendered":"<p>Werbemittel von MonsterSlush Werben und wachsen Umsatz steigern und Aufmerksamkeit schaffen &#8211; mit den richtigen Werbemitteln gar kein Problem! Jetzt entdecken Werbung die erfrischt Werbung ist entscheidend f\u00fcr ein erfolgreiches Eisgesch\u00e4ft \u2013 darum bieten wir Ihnen eine Auswahl an aufmerksamkeitsstarken Werbemitteln, die Sie beim Verkauf unterst\u00fctzen! Coole Shirts f\u00fcr Mitarbeiter Unsere Zusammenarbeit mit Fashion Drinks. [&hellip;]<\/p>\n","protected":false},"author":1,"featured_media":0,"parent":0,"menu_order":0,"comment_status":"closed","ping_status":"closed","template":"","meta":{"iawp_total_views":1438,"_breakdance_hide_in_design_set":false,"_breakdance_tags":"","footnotes":""},"class_list":["post-1513","page","type-page","status-publish","hentry"],"_links":{"self":[{"href":"https:\/\/monsterslush.com\/es\/wp-json\/wp\/v2\/pages\/1513","targetHints":{"allow":["GET"]}}],"collection":[{"href":"https:\/\/monsterslush.com\/es\/wp-json\/wp\/v2\/pages"}],"about":[{"href":"https:\/\/monsterslush.com\/es\/wp-json\/wp\/v2\/types\/page"}],"author":[{"embeddable":true,"href":"https:\/\/monsterslush.com\/es\/wp-json\/wp\/v2\/users\/1"}],"replies":[{"embeddable":true,"href":"https:\/\/monsterslush.com\/es\/wp-json\/wp\/v2\/comments?post=1513"}],"version-history":[{"count":0,"href":"https:\/\/monsterslush.com\/es\/wp-json\/wp\/v2\/pages\/1513\/revisions"}],"wp:attachment":[{"href":"https:\/\/monsterslush.com\/es\/wp-json\/wp\/v2\/media?parent=1513"}],"curies":[{"name":"wp","href":"https:\/\/api.w.org\/{rel}","templated":true}]}}