{"id":58154,"date":"2026-04-29T09:45:53","date_gmt":"2026-04-29T07:45:53","guid":{"rendered":"https:\/\/monsterslush.com\/?page_id=58154"},"modified":"2026-04-29T11:23:13","modified_gmt":"2026-04-29T09:23:13","slug":"revocation-policy","status":"publish","type":"page","link":"https:\/\/monsterslush.com\/en\/widerrufsbelehrung\/","title":{"rendered":"Cancellation policy"},"content":{"rendered":"<section class=\"bde-section-58154-100 bde-section\">\n  \n  \n\t\n\n\n\n<div class=\"section-container\"><div class=\"bde-rich-text-58154-101 bde-rich-text breakdance-rich-text-styles\">\n<h3>Widerrufsrecht f\u00fcr Verbraucher<\/h3>\n<p>(Verbraucher ist jede nat\u00fcrliche Person, die ein Rechtsgesch\u00e4ft zu Zwecken abschlie\u00dft, die \u00fcberwiegend weder ihrer gewerblichen noch ihrer selbstst\u00e4ndigen beruflichen T\u00e4tigkeit zugerechnet werden kann.)<\/p>\n<h1>Widerrufsbelehrung<\/h1>\n<h3>Widerrufsrecht<\/h3>\n<p>Sie haben das Recht, binnen vierzehn Tagen ohne Angabe von Gr\u00fcnden diesen Vertrag zu widerrufen. Die Widerrufsfrist betr\u00e4gt vierzehn Tage ab dem Tag,<\/p>\n<ul>\n<li>an dem Sie oder ein von Ihnen benannter Dritter, der nicht der Bef\u00f6rderer ist, die Waren in Besitz genommen haben bzw. hat, sofern Sie eine oder mehrere Waren im Rahmen einer einheitlichen Bestellung bestellt haben und diese einheitlich geliefert wird bzw. werden, oder<\/li>\n<li>an dem Sie oder ein von Ihnen benannter Dritter, der nicht der Bef\u00f6rderer ist, die letzte Ware in Besitz genommen haben bzw. hat, sofern Sie mehrere Waren im Rahmen einer einheitlichen Bestellung bestellt haben und diese getrennt geliefert werden, oder<\/li>\n<li>an dem Sie oder ein von Ihnen benannter Dritter, der nicht der Bef\u00f6rderer ist, die letzte Teilsendung oder das letzte St\u00fcck in Besitz genommen haben bzw. hat, sofern Sie eine Ware bestellt haben, die in mehreren Teilsendungen oder St\u00fccken geliefert wird, oder<\/li>\n<li>an dem Sie oder ein von Ihnen benannter Dritter, der nicht der Bef\u00f6rderer ist, die erste Ware in Besitz genommen haben bzw. hat, sofern Sie einen Vertrag zur regelm\u00e4\u00dfigen Lieferung von Waren \u00fcber einen festgelegten Zeitraum hinweg geschlossen haben.<\/li>\n<\/ul>\n<p>Sie k\u00f6nnen Ihr Widerrufsrecht auch online unter https:\/\/monsterslush.com\/widerrufsbelehrung\/ aus\u00fcben. Wenn Sie diese Online-Funktion nutzen, \u00fcbermitteln wir Ihnen auf einem dauerhaften Datentr\u00e4ger (zB durch eine E-Mail) unverz\u00fcglich eine Eingangsbest\u00e4tigung mit Informationen zum Inhalt der Widerrufserkl\u00e4rung sowie dem Datum und der Uhrzeit ihres Eingangs. Zur Wahrung der Widerrufsfrist reicht es aus, dass Sie vor Fristablauf Ihre Widerrufserkl\u00e4rung \u00fcber die Widerrufsrechtsfunktion (den sog. \u201eWiderrufsbutton\u201c) versendet haben. Zudem k\u00f6nnen Sie Ihr Widerrufsrecht auszu\u00fcben, indem Sie uns (MonsterSlush e.K., R\u00f6ckrather Weg 8, 41472 Neuss, Deutschland, Telefonnummer: +49 2131 73 98 45-0, E-Mail-Adresse: info@monsterslush.com) mittels einer eindeutigen Erkl\u00e4rung (z.B. ein mit der Post versandter Brief oder eine E-Mail) \u00fcber Ihren Entschluss, diesen Vertrag zu widerrufen, informieren. Sie k\u00f6nnen daf\u00fcr das beigef\u00fcgte Muster-Widerrufsformular verwenden, das jedoch nicht vorgeschrieben ist. In diesem Fall reicht zur Wahrung der Widerrufsfrist aus, dass Sie die Mitteilung \u00fcber die Aus\u00fcbung des Widerrufsrechts vor Ablauf der Widerrufsfrist absenden.<\/p>\n<h3>Folgen des Widerrufs<\/h3>\n<p>Wenn Sie diesen Vertrag widerrufen, haben wir Ihnen alle Zahlungen, die wir von Ihnen erhalten haben, einschlie\u00dflich der Lieferkosten (mit Ausnahme der zus\u00e4tzlichen Kosten, die sich daraus ergeben, dass Sie eine andere Art der Lieferung als die von uns angebotene, g\u00fcnstigste Standardlieferung gew\u00e4hlt haben), unverz\u00fcglich und sp\u00e4testens binnen vierzehn Tagen ab dem Tag zur\u00fcckzuzahlen, an dem die Mitteilung \u00fcber Ihren Widerruf dieses Vertrags bei uns eingegangen ist. F\u00fcr diese R\u00fcckzahlung verwenden wir dasselbe Zahlungsmittel, das Sie bei der urspr\u00fcnglichen Transaktion eingesetzt haben, es sei denn, mit Ihnen wurde ausdr\u00fccklich etwas anderes vereinbart; in keinem Fall werden Ihnen wegen dieser R\u00fcckzahlung Entgelte berechnet. Wir k\u00f6nnen die R\u00fcckzahlung verweigern, bis wir die Waren wieder zur\u00fcckerhalten haben oder bis Sie den Nachweis erbracht haben, dass Sie die Waren zur\u00fcckgesandt haben, je nachdem, welches der fr\u00fchere Zeitpunkt ist. Sie haben die Waren unverz\u00fcglich und in jedem Fall sp\u00e4testens binnen vierzehn Tagen ab dem Tag, an dem Sie uns \u00fcber den Widerruf dieses Vertrags unterrichten, an uns zur\u00fcckzusenden oder zu \u00fcbergeben. Die Frist ist gewahrt, wenn Sie die Waren vor Ablauf der Frist von vierzehn Tagen absenden. Sie tragen die unmittelbaren Kosten der R\u00fccksendung der Waren. Sie m\u00fcssen f\u00fcr einen etwaigen Wertverlust der Waren nur aufkommen, wenn dieser Wertverlust auf einen zur Pr\u00fcfung der Beschaffenheit, Eigenschaften und Funktionsweise der Waren nicht notwendigen Umgang mit ihnen zur\u00fcckzuf\u00fchren ist.<\/p>\n<h3>Ausschluss des Widerrufsrechts<\/h3>\n<p>Das Widerrufsrecht besteht nach \u00a7 312g Abs. 2 BGB nicht bei:<\/p>\n<ul>\n<li style=\"list-style-type: none;\">\n<ul>\n<li>Vertr\u00e4gen zur Lieferung alkoholischer Getr\u00e4nke, deren Preis bei Vertragsschluss vereinbart wurde, die aber fr\u00fchestens 30 Tage nach Vertragsschluss geliefert werden k\u00f6nnen und deren aktueller Wert von Schwankungen auf dem Markt abh\u00e4ngt, auf die der Unternehmer keinen Einfluss hat<\/li>\n<\/ul>\n<\/li>\n<\/ul>\n<ul>\n<li style=\"list-style-type: none;\">\n<ul>\n<li>Vertr\u00e4gen zur Lieferung versiegelter Waren, die aus Gr\u00fcnden des Gesundheitsschutzes oder der Hygiene nicht zur R\u00fcckgabe geeignet sind, wenn ihre Versiegelung nach der Lieferung entfernt wurde<\/li>\n<\/ul>\n<\/li>\n<\/ul>\n<h2>Widerrufsformular<\/h2>\n<p>Wenn Sie den Vertrag widerrufen wollen, f\u00fcllen Sie bitte das folgende Formular aus und senden es uns zu.<\/p>\n<\/div><div class=\"bde-form-builder-58154-102 bde-form-builder\">\n\n<form id=\"widerrufsformular102\" class=\"breakdance-form breakdance-form--vertical\" data-options=\"{&quot;slug&quot;:&quot;custom&quot;,&quot;name&quot;:&quot;Widerrufsformular&quot;,&quot;ajaxUrl&quot;:&quot;https:\\\/\\\/monsterslush.com\\\/wp-admin\\\/admin-ajax.php&quot;,&quot;clearOnSuccess&quot;:true,&quot;hideOnSuccess&quot;:true,&quot;successMessage&quot;:&quot;Wir haben Ihren Widerruf erhalten und melden uns zeitnah bei Ihnen.&quot;,&quot;errorMessage&quot;:&quot;Bitte probieren Sie es nochmal oder kontaktieren uns per E-Mail an info@monsterslush.com.&quot;,&quot;redirect&quot;:false,&quot;redirectUrl&quot;:&quot;&quot;,&quot;customJavaScript&quot;:&quot;&quot;,&quot;recaptcha&quot;:{&quot;key&quot;:&quot;&quot;,&quot;enabled&quot;:false},&quot;honeypot_enabled&quot;:false,&quot;popupsOnSuccess&quot;:[],&quot;popupsOnError&quot;:[]}\" data-steps=\"0\" >\n  \n  \n  \n<div class=\"breakdance-form-field breakdance-form-field--textarea\" >\n    \n    \n            <label class=\"breakdance-form-field__label\" for=\"produkte\">\n            Produkte<span class=\"breakdance-form-field__required\">*<\/span>\n        <\/label>\n    \n    <textarea\n    class=\"breakdance-form-field__input\"\n    id=\"produkte\"\n    aria-describedby=\"produkte\"\n    type=\"textarea\"\n    name=\"fields[produkte]\"\n        placeholder=\"\"\n    required\n    >\n<\/textarea>\n\n\n    \n    \n<\/div>\n\n\n<div class=\"breakdance-form-field breakdance-form-field--date\" >\n    \n    \n            <label class=\"breakdance-form-field__label\" for=\"bestelldatum\">\n            Bestellt am<span class=\"breakdance-form-field__required\">*<\/span>\n        <\/label>\n    \n    <input\n    class=\"breakdance-form-field__input\"\n    id=\"bestelldatum\"\n    aria-describedby=\"bestelldatum\"\n    type=\"date\"\n    name=\"fields[bestelldatum]\"\n    placeholder=\"\"\n    value=\"\"\n                \n        \n        \n    required\n    \n    \n    \n>\n\n\n    \n    \n<\/div>\n\n\n<div class=\"breakdance-form-field breakdance-form-field--date\" >\n    \n    \n            <label class=\"breakdance-form-field__label\" for=\"lieferdatum\">\n            Erhalten am<span class=\"breakdance-form-field__required\">*<\/span>\n        <\/label>\n    \n    <input\n    class=\"breakdance-form-field__input\"\n    id=\"lieferdatum\"\n    aria-describedby=\"lieferdatum\"\n    type=\"date\"\n    name=\"fields[lieferdatum]\"\n    placeholder=\"\"\n    value=\"\"\n                \n        \n        \n    required\n    \n    \n    \n>\n\n\n    \n    \n<\/div>\n\n\n<div class=\"breakdance-form-field breakdance-form-field--text\" >\n    \n    \n            <label class=\"breakdance-form-field__label\" for=\"name\">\n            Vollst\u00e4ndiger Name<span class=\"breakdance-form-field__required\">*<\/span>\n        <\/label>\n    \n    <input\n    class=\"breakdance-form-field__input\"\n    id=\"name\"\n    aria-describedby=\"name\"\n    type=\"text\"\n    name=\"fields[name]\"\n    placeholder=\"\"\n    value=\"\"\n                \n        \n        \n    required\n    \n    \n    \n>\n\n\n    \n    \n<\/div>\n\n\n<div class=\"breakdance-form-field breakdance-form-field--text\" >\n    \n    \n            <label class=\"breakdance-form-field__label\" for=\"anschrift\">\n            Vollst\u00e4ndige Anschrift<span class=\"breakdance-form-field__required\">*<\/span>\n        <\/label>\n    \n    <input\n    class=\"breakdance-form-field__input\"\n    id=\"anschrift\"\n    aria-describedby=\"anschrift\"\n    type=\"text\"\n    name=\"fields[anschrift]\"\n    placeholder=\"\"\n    value=\"\"\n                \n        \n        \n    required\n    \n    \n    \n>\n\n\n    \n    \n<\/div>\n\n\n  \n\n<div class=\"breakdance-form-field breakdance-form-footer\">\n    \n    \n                                    \n    \n    \n    \n    \n            \n            <button type=\"submit\" class=\"button-atom button-atom--primary breakdance-form-button breakdance-form-button__submit\"  >\n    \n        <span class=\"button-atom__text\">Widerruf einreichen<\/span>\n\n        \n        \n            <\/button>\n    \n    <input type=\"hidden\" name=\"form_id\" value=\"102\">\n    <input type=\"hidden\" name=\"post_id\" value=\"58154\">\n<\/div>\n\n  \n<\/form>\n\n\n<\/div><\/div>\n<\/section>","protected":false},"excerpt":{"rendered":"<p>Widerrufsrecht f\u00fcr Verbraucher (Verbraucher ist jede nat\u00fcrliche Person, die ein Rechtsgesch\u00e4ft zu Zwecken abschlie\u00dft, die \u00fcberwiegend weder ihrer gewerblichen noch ihrer selbstst\u00e4ndigen beruflichen T\u00e4tigkeit zugerechnet werden kann.) Widerrufsbelehrung Widerrufsrecht Sie haben das Recht, binnen vierzehn Tagen ohne Angabe von Gr\u00fcnden diesen Vertrag zu widerrufen. Die Widerrufsfrist betr\u00e4gt vierzehn Tage ab dem Tag, an dem Sie [&hellip;]<\/p>\n","protected":false},"author":1,"featured_media":0,"parent":0,"menu_order":0,"comment_status":"closed","ping_status":"closed","template":"","meta":{"iawp_total_views":2,"_breakdance_hide_in_design_set":false,"_breakdance_tags":"","footnotes":""},"class_list":["post-58154","page","type-page","status-publish","hentry"],"_links":{"self":[{"href":"https:\/\/monsterslush.com\/en\/wp-json\/wp\/v2\/pages\/58154","targetHints":{"allow":["GET"]}}],"collection":[{"href":"https:\/\/monsterslush.com\/en\/wp-json\/wp\/v2\/pages"}],"about":[{"href":"https:\/\/monsterslush.com\/en\/wp-json\/wp\/v2\/types\/page"}],"author":[{"embeddable":true,"href":"https:\/\/monsterslush.com\/en\/wp-json\/wp\/v2\/users\/1"}],"replies":[{"embeddable":true,"href":"https:\/\/monsterslush.com\/en\/wp-json\/wp\/v2\/comments?post=58154"}],"version-history":[{"count":6,"href":"https:\/\/monsterslush.com\/en\/wp-json\/wp\/v2\/pages\/58154\/revisions"}],"predecessor-version":[{"id":58160,"href":"https:\/\/monsterslush.com\/en\/wp-json\/wp\/v2\/pages\/58154\/revisions\/58160"}],"wp:attachment":[{"href":"https:\/\/monsterslush.com\/en\/wp-json\/wp\/v2\/media?parent=58154"}],"curies":[{"name":"wp","href":"https:\/\/api.w.org\/{rel}","templated":true}]}}